{"id":496,"date":"2020-06-17T23:13:09","date_gmt":"2020-06-17T23:13:09","guid":{"rendered":"https:\/\/www.dvaci.com\/?page_id=496"},"modified":"2023-11-23T13:18:27","modified_gmt":"2023-11-23T13:18:27","slug":"nossos-clientes","status":"publish","type":"page","link":"https:\/\/www.dvaci.com\/pt\/nossos-clientes\/","title":{"rendered":"Nossos clientes"},"content":{"rendered":"<div class=\"fusion-fullwidth fullwidth-box fusion-builder-row-1 nonhundred-percent-fullwidth non-hundred-percent-height-scrolling fusion-equal-height-columns\" style=\"--awb-border-radius-top-left:0px;--awb-border-radius-top-right:0px;--awb-border-radius-bottom-right:0px;--awb-border-radius-bottom-left:0px;--awb-flex-wrap:wrap;\" ><div class=\"fusion-builder-row fusion-row\"><div class=\"fusion-layout-column fusion_builder_column fusion-builder-column-0 fusion_builder_column_1_1 1_1 fusion-one-full fusion-column-first fusion-column-last fusion-column-no-min-height\" style=\"--awb-bg-size:cover;--awb-margin-bottom:0px;\"><div class=\"fusion-column-wrapper fusion-flex-column-wrapper-legacy\"><div class=\"fusion-title title fusion-title-1 fusion-sep-none fusion-title-text fusion-title-size-one\"><h1 class=\"fusion-title-heading title-heading-left\" style=\"margin:0;\">OS NOSSOS CLIENTES: Utilizam uma c\u00e2mara de v\u00e1cuo CDV.<\/h1><\/div><div class=\"fusion-clearfix\"><\/div><\/div><\/div><div class=\"fusion-layout-column fusion_builder_column fusion-builder-column-1 fusion_builder_column_1_4 1_4 fusion-one-fourth fusion-column-first\" style=\"--awb-bg-size:cover;width:22%; margin-right: 4%;\"><div class=\"fusion-column-wrapper fusion-flex-column-wrapper-legacy\"><div class=\"fusion-text fusion-text-1\"><p>Aqui est\u00e1 a lista dos nossos principais clientes que utilizam uma c\u00e2mara de v\u00e1cuo CDV para fazer<\/p>\n<ul>\n<li>Testes de vazamento de embalagens<\/li>\n<li>Testes de simula\u00e7\u00e3o de altitude.<\/li>\n<\/ul>\n<p>Os nossos clientes est\u00e3o ordenados por tipos de ind\u00fastria.<\/p>\n<\/div><div class=\"fusion-image-element in-legacy-container\" style=\"--awb-caption-title-font-family:var(--h2_typography-font-family);--awb-caption-title-font-weight:var(--h2_typography-font-weight);--awb-caption-title-font-style:var(--h2_typography-font-style);--awb-caption-title-size:var(--h2_typography-font-size);--awb-caption-title-transform:var(--h2_typography-text-transform);--awb-caption-title-line-height:var(--h2_typography-line-height);--awb-caption-title-letter-spacing:var(--h2_typography-letter-spacing);\"><span class=\" fusion-imageframe imageframe-none imageframe-1 hover-type-none\"><img decoding=\"async\" width=\"628\" height=\"398\" alt=\"They trust in us\" title=\"Customer trust in us\" src=\"https:\/\/www.dvaci.com\/pt\/wp-content\/uploads\/Customer-trust-in-us.jpg\" class=\"img-responsive wp-image-500\" srcset=\"https:\/\/www.dvaci.com\/pt\/wp-content\/uploads\/Customer-trust-in-us-200x127.jpg 200w, https:\/\/www.dvaci.com\/pt\/wp-content\/uploads\/Customer-trust-in-us-400x254.jpg 400w, https:\/\/www.dvaci.com\/pt\/wp-content\/uploads\/Customer-trust-in-us-600x380.jpg 600w, https:\/\/www.dvaci.com\/pt\/wp-content\/uploads\/Customer-trust-in-us.jpg 628w\" sizes=\"(max-width: 800px) 100vw, 400px\" \/><\/span><\/div><div class=\"fusion-clearfix\"><\/div><\/div><\/div><div class=\"fusion-layout-column fusion_builder_column fusion-builder-column-2 fusion_builder_column_1_4 1_4 fusion-one-fourth\" style=\"--awb-bg-size:cover;width:22%; margin-right: 4%;\"><div class=\"fusion-column-wrapper fusion-flex-column-wrapper-legacy\"><div class=\"fusion-title title fusion-title-2 fusion-title-text fusion-title-size-three\"><h3 class=\"fusion-title-heading title-heading-left\" style=\"margin:0;\">Alimentos<\/h3><span class=\"awb-title-spacer\"><\/span><div class=\"title-sep-container\"><div class=\"title-sep sep-single sep-solid\" style=\"border-color:#e0dede;\"><\/div><\/div><\/div><div class=\"fusion-image-element in-legacy-container\" style=\"--awb-caption-title-font-family:var(--h2_typography-font-family);--awb-caption-title-font-weight:var(--h2_typography-font-weight);--awb-caption-title-font-style:var(--h2_typography-font-style);--awb-caption-title-size:var(--h2_typography-font-size);--awb-caption-title-transform:var(--h2_typography-text-transform);--awb-caption-title-line-height:var(--h2_typography-line-height);--awb-caption-title-letter-spacing:var(--h2_typography-letter-spacing);\"><span class=\" fusion-imageframe imageframe-none imageframe-2 hover-type-none\"><img decoding=\"async\" width=\"353\" height=\"390\" alt=\"Dvaci food customer references\" title=\"Dvaci Customer References Agro food\" src=\"https:\/\/www.dvaci.com\/pt\/wp-content\/uploads\/Dvaci-Customer-References-Agro-food.jpg\" class=\"img-responsive wp-image-490\" srcset=\"https:\/\/www.dvaci.com\/pt\/wp-content\/uploads\/Dvaci-Customer-References-Agro-food-200x221.jpg 200w, https:\/\/www.dvaci.com\/pt\/wp-content\/uploads\/Dvaci-Customer-References-Agro-food.jpg 353w\" sizes=\"(max-width: 800px) 100vw, 353px\" \/><\/span><\/div><div class=\"fusion-clearfix\"><\/div><\/div><\/div><div class=\"fusion-layout-column fusion_builder_column fusion-builder-column-3 fusion_builder_column_1_4 1_4 fusion-one-fourth\" style=\"--awb-bg-size:cover;width:22%; margin-right: 4%;\"><div class=\"fusion-column-wrapper fusion-flex-column-wrapper-legacy\"><div class=\"fusion-title title fusion-title-3 fusion-title-text fusion-title-size-three\"><h3 class=\"fusion-title-heading title-heading-left\" style=\"margin:0;\">Cosm\u00e9tica<\/h3><span class=\"awb-title-spacer\"><\/span><div class=\"title-sep-container\"><div class=\"title-sep sep-single sep-solid\" style=\"border-color:#e0dede;\"><\/div><\/div><\/div><div class=\"fusion-image-element in-legacy-container\" style=\"--awb-caption-title-font-family:var(--h2_typography-font-family);--awb-caption-title-font-weight:var(--h2_typography-font-weight);--awb-caption-title-font-style:var(--h2_typography-font-style);--awb-caption-title-size:var(--h2_typography-font-size);--awb-caption-title-transform:var(--h2_typography-text-transform);--awb-caption-title-line-height:var(--h2_typography-line-height);--awb-caption-title-letter-spacing:var(--h2_typography-letter-spacing);\"><span class=\" fusion-imageframe imageframe-none imageframe-3 hover-type-none\"><img decoding=\"async\" width=\"244\" height=\"280\" alt=\"Dvaci cosmetic customer references\" title=\"Dvaci Customer References Cosmetic\" src=\"https:\/\/www.dvaci.com\/pt\/wp-content\/uploads\/Dvaci-Customer-References-Cosmetic.jpg\" class=\"img-responsive wp-image-491\" srcset=\"https:\/\/www.dvaci.com\/pt\/wp-content\/uploads\/Dvaci-Customer-References-Cosmetic-200x230.jpg 200w, https:\/\/www.dvaci.com\/pt\/wp-content\/uploads\/Dvaci-Customer-References-Cosmetic.jpg 244w\" sizes=\"(max-width: 800px) 100vw, 244px\" \/><\/span><\/div><div class=\"fusion-clearfix\"><\/div><\/div><\/div><div class=\"fusion-layout-column fusion_builder_column fusion-builder-column-4 fusion_builder_column_1_4 1_4 fusion-one-fourth fusion-column-last\" style=\"--awb-bg-size:cover;width:22%;\"><div class=\"fusion-column-wrapper fusion-flex-column-wrapper-legacy\"><div class=\"fusion-title title fusion-title-4 fusion-title-text fusion-title-size-three\"><h3 class=\"fusion-title-heading title-heading-left\" style=\"margin:0;\">Farmac\u00eautico<\/h3><span class=\"awb-title-spacer\"><\/span><div class=\"title-sep-container\"><div class=\"title-sep sep-single sep-solid\" style=\"border-color:#e0dede;\"><\/div><\/div><\/div><div class=\"fusion-image-element in-legacy-container\" style=\"--awb-caption-title-font-family:var(--h2_typography-font-family);--awb-caption-title-font-weight:var(--h2_typography-font-weight);--awb-caption-title-font-style:var(--h2_typography-font-style);--awb-caption-title-size:var(--h2_typography-font-size);--awb-caption-title-transform:var(--h2_typography-text-transform);--awb-caption-title-line-height:var(--h2_typography-line-height);--awb-caption-title-letter-spacing:var(--h2_typography-letter-spacing);\"><span class=\" fusion-imageframe imageframe-none imageframe-4 hover-type-none\"><img decoding=\"async\" width=\"330\" height=\"340\" alt=\"Dvaci pharma customer references\" title=\"Dvaci Customer References Pharmaceutical\" src=\"https:\/\/www.dvaci.com\/pt\/wp-content\/uploads\/Dvaci-Customer-References-Pharmaceutical.jpg\" class=\"img-responsive wp-image-494\" srcset=\"https:\/\/www.dvaci.com\/pt\/wp-content\/uploads\/Dvaci-Customer-References-Pharmaceutical-200x206.jpg 200w, https:\/\/www.dvaci.com\/pt\/wp-content\/uploads\/Dvaci-Customer-References-Pharmaceutical.jpg 330w\" sizes=\"(max-width: 800px) 100vw, 330px\" \/><\/span><\/div><div class=\"fusion-clearfix\"><\/div><\/div><\/div><div class=\"fusion-layout-column fusion_builder_column fusion-builder-column-5 fusion_builder_column_1_3 1_3 fusion-one-third fusion-column-first\" style=\"--awb-bg-size:cover;width:33.333333333333%;width:calc(33.333333333333% - ( ( 4% + 4% ) * 0.33333333333333 ) );margin-right: 4%;\"><div class=\"fusion-column-wrapper fusion-flex-column-wrapper-legacy\"><div class=\"fusion-title title fusion-title-5 fusion-title-text fusion-title-size-three\"><h3 class=\"fusion-title-heading title-heading-left\" style=\"margin:0;\">Embalagem<\/h3><span class=\"awb-title-spacer\"><\/span><div class=\"title-sep-container\"><div class=\"title-sep sep-single sep-solid\" style=\"border-color:#e0dede;\"><\/div><\/div><\/div><div class=\"fusion-image-element in-legacy-container\" style=\"--awb-caption-title-font-family:var(--h2_typography-font-family);--awb-caption-title-font-weight:var(--h2_typography-font-weight);--awb-caption-title-font-style:var(--h2_typography-font-style);--awb-caption-title-size:var(--h2_typography-font-size);--awb-caption-title-transform:var(--h2_typography-text-transform);--awb-caption-title-line-height:var(--h2_typography-line-height);--awb-caption-title-letter-spacing:var(--h2_typography-letter-spacing);\"><span class=\" fusion-imageframe imageframe-none imageframe-5 hover-type-none\"><img decoding=\"async\" width=\"371\" height=\"402\" alt=\"Dvaci packaging customer references\" title=\"Dvaci packaging customer references\" src=\"https:\/\/www.dvaci.com\/pt\/wp-content\/uploads\/Dvaci-Customer-References-Packaging-Manufacturer.jpg\" class=\"img-responsive wp-image-493\" srcset=\"https:\/\/www.dvaci.com\/pt\/wp-content\/uploads\/Dvaci-Customer-References-Packaging-Manufacturer-200x217.jpg 200w, https:\/\/www.dvaci.com\/pt\/wp-content\/uploads\/Dvaci-Customer-References-Packaging-Manufacturer.jpg 371w\" sizes=\"(max-width: 800px) 100vw, 371px\" \/><\/span><\/div><div class=\"fusion-clearfix\"><\/div><\/div><\/div><div class=\"fusion-layout-column fusion_builder_column fusion-builder-column-6 fusion_builder_column_1_3 1_3 fusion-one-third\" style=\"--awb-bg-size:cover;width:33.333333333333%;width:calc(33.333333333333% - ( ( 4% + 4% ) * 0.33333333333333 ) );margin-right: 4%;\"><div class=\"fusion-column-wrapper fusion-flex-column-wrapper-legacy\"><div class=\"fusion-title title fusion-title-6 fusion-title-text fusion-title-size-three\"><h3 class=\"fusion-title-heading title-heading-left\" style=\"margin:0;\">Outros<\/h3><span class=\"awb-title-spacer\"><\/span><div class=\"title-sep-container\"><div class=\"title-sep sep-single sep-solid\" style=\"border-color:#e0dede;\"><\/div><\/div><\/div><div class=\"fusion-image-element in-legacy-container\" style=\"--awb-caption-title-font-family:var(--h2_typography-font-family);--awb-caption-title-font-weight:var(--h2_typography-font-weight);--awb-caption-title-font-style:var(--h2_typography-font-style);--awb-caption-title-size:var(--h2_typography-font-size);--awb-caption-title-transform:var(--h2_typography-text-transform);--awb-caption-title-line-height:var(--h2_typography-line-height);--awb-caption-title-letter-spacing:var(--h2_typography-letter-spacing);\"><span class=\" fusion-imageframe imageframe-none imageframe-6 hover-type-none\"><img decoding=\"async\" width=\"325\" height=\"308\" alt=\"Dvaci others customer references\" title=\"Dvaci Customer References OTHERS\" src=\"https:\/\/www.dvaci.com\/pt\/wp-content\/uploads\/Dvaci-Customer-References-OTHERS.jpg\" class=\"img-responsive wp-image-492\" srcset=\"https:\/\/www.dvaci.com\/pt\/wp-content\/uploads\/Dvaci-Customer-References-OTHERS-200x190.jpg 200w, https:\/\/www.dvaci.com\/pt\/wp-content\/uploads\/Dvaci-Customer-References-OTHERS.jpg 325w\" sizes=\"(max-width: 800px) 100vw, 325px\" \/><\/span><\/div><div class=\"fusion-clearfix\"><\/div><\/div><\/div><div class=\"fusion-layout-column fusion_builder_column fusion-builder-column-7 fusion_builder_column_1_3 1_3 fusion-one-third fusion-column-last\" style=\"--awb-bg-size:cover;width:33.333333333333%;width:calc(33.333333333333% - ( ( 4% + 4% ) * 0.33333333333333 ) );\"><div class=\"fusion-column-wrapper fusion-flex-column-wrapper-legacy\"><div class=\"fusion-title title fusion-title-7 fusion-sep-none fusion-title-center fusion-title-text fusion-title-size-two\" style=\"--awb-text-color:#001bed;--awb-margin-top:10%;--awb-font-size:30px;\"><h2 class=\"fusion-title-heading title-heading-center\" style=\"margin:0;letter-spacing:5px;font-size:1em;\">TESTE GRATUITO<\/h2><\/div><div class=\"fusion-text fusion-text-2\"><p>Envie-nos as suas amostras e n\u00f3s enviar-lhe-emos gratuitamente um v\u00eddeo com os resultados dos ensaios dos seus produtos e recomenda\u00e7\u00f5es sobre os par\u00e2metros de ensaio.<\/p>\n<\/div><div class=\"fusion-aligncenter\"><a class=\"fusion-button button-flat fusion-button-default-size button-default fusion-button-default button-1 fusion-button-default-span fusion-button-default-type\" target=\"_self\" href=\"https:\/\/www.dvaci.com\/pt\/contact0\/\"><span class=\"fusion-button-text awb-button__text awb-button__text--default\">Contactar-nos<\/span><\/a><\/div><div class=\"fusion-clearfix\"><\/div><\/div><\/div><\/div><\/div>\n","protected":false},"excerpt":{"rendered":"","protected":false},"author":1,"featured_media":489,"parent":0,"menu_order":0,"comment_status":"closed","ping_status":"closed","template":"","meta":{"inline_featured_image":false,"footnotes":""},"class_list":["post-496","page","type-page","status-publish","has-post-thumbnail","hentry"],"aioseo_notices":[],"_links":{"self":[{"href":"https:\/\/www.dvaci.com\/pt\/wp-json\/wp\/v2\/pages\/496","targetHints":{"allow":["GET"]}}],"collection":[{"href":"https:\/\/www.dvaci.com\/pt\/wp-json\/wp\/v2\/pages"}],"about":[{"href":"https:\/\/www.dvaci.com\/pt\/wp-json\/wp\/v2\/types\/page"}],"author":[{"embeddable":true,"href":"https:\/\/www.dvaci.com\/pt\/wp-json\/wp\/v2\/users\/1"}],"replies":[{"embeddable":true,"href":"https:\/\/www.dvaci.com\/pt\/wp-json\/wp\/v2\/comments?post=496"}],"version-history":[{"count":5,"href":"https:\/\/www.dvaci.com\/pt\/wp-json\/wp\/v2\/pages\/496\/revisions"}],"predecessor-version":[{"id":1698,"href":"https:\/\/www.dvaci.com\/pt\/wp-json\/wp\/v2\/pages\/496\/revisions\/1698"}],"wp:featuredmedia":[{"embeddable":true,"href":"https:\/\/www.dvaci.com\/pt\/wp-json\/wp\/v2\/media\/489"}],"wp:attachment":[{"href":"https:\/\/www.dvaci.com\/pt\/wp-json\/wp\/v2\/media?parent=496"}],"curies":[{"name":"wp","href":"https:\/\/api.w.org\/{rel}","templated":true}]}}