{"id":351,"date":"2020-06-17T23:39:31","date_gmt":"2020-06-17T23:39:31","guid":{"rendered":"https:\/\/www.dvaci.com\/es\/?page_id=351"},"modified":"2025-08-28T23:05:47","modified_gmt":"2025-08-28T23:05:47","slug":"nuestros-clientes-respaldo","status":"publish","type":"page","link":"https:\/\/www.dvaci.com\/es\/nuestros-clientes-respaldo\/","title":{"rendered":"Nuestros Clientes (Respaldo)"},"content":{"rendered":"<div class=\"fusion-fullwidth fullwidth-box fusion-builder-row-1 nonhundred-percent-fullwidth non-hundred-percent-height-scrolling fusion-equal-height-columns\" style=\"--awb-border-radius-top-left:0px;--awb-border-radius-top-right:0px;--awb-border-radius-bottom-right:0px;--awb-border-radius-bottom-left:0px;--awb-flex-wrap:wrap;\" ><div class=\"fusion-builder-row fusion-row\"><div class=\"fusion-layout-column fusion_builder_column fusion-builder-column-0 fusion_builder_column_1_1 1_1 fusion-one-full fusion-column-first fusion-column-last fusion-column-no-min-height\" style=\"--awb-bg-size:cover;--awb-margin-bottom:0px;\"><div class=\"fusion-column-wrapper fusion-flex-column-wrapper-legacy\"><div class=\"fusion-title title fusion-title-1 fusion-title-text fusion-title-size-one\"><h1 class=\"fusion-title-heading title-heading-left\" style=\"margin:0;\">Utilizan una c\u00e1mara de vac\u00edo CDV para realizar sus pruebas de hermeticidad.<\/h1><span class=\"awb-title-spacer\"><\/span><div class=\"title-sep-container\"><div class=\"title-sep sep-double sep-solid\" style=\"border-color:#e0dede;\"><\/div><\/div><\/div><div class=\"fusion-clearfix\"><\/div><\/div><\/div><div class=\"fusion-layout-column fusion_builder_column fusion-builder-column-1 fusion_builder_column_1_4 1_4 fusion-one-fourth fusion-column-first\" style=\"--awb-bg-size:cover;width:22%; margin-right: 4%;\"><div class=\"fusion-column-wrapper fusion-flex-column-wrapper-legacy\"><div class=\"fusion-text fusion-text-1\"><p>Aqu\u00ed est\u00e1 la lista de nuestros clientes principales que utilizan una c\u00e1mara de vac\u00edo CDV para realizar:<\/p>\n<ul>\n<li>Pruebas de hermeticidad para Empaques<\/li>\n<li>Pruebas de variaci\u00f3n de presi\u00f3n atmosf\u00e9rica<\/li>\n<\/ul>\n<p>Nuestros clientes est\u00e1n clasificados por sector de actividad.<\/p>\n<\/div><div class=\"fusion-image-element in-legacy-container\" style=\"--awb-caption-title-font-family:var(--h2_typography-font-family);--awb-caption-title-font-weight:var(--h2_typography-font-weight);--awb-caption-title-font-style:var(--h2_typography-font-style);--awb-caption-title-size:var(--h2_typography-font-size);--awb-caption-title-transform:var(--h2_typography-text-transform);--awb-caption-title-line-height:var(--h2_typography-line-height);--awb-caption-title-letter-spacing:var(--h2_typography-letter-spacing);\"><span class=\" fusion-imageframe imageframe-none imageframe-1 hover-type-none\"><img decoding=\"async\" width=\"628\" height=\"398\" alt=\"Equipo CDV confianza\" title=\"Dvaci confianza\" src=\"https:\/\/www.dvaci.com\/es\/wp-content\/uploads\/Dvaci-confianza.jpg\" class=\"img-responsive wp-image-350\" srcset=\"https:\/\/www.dvaci.com\/es\/wp-content\/uploads\/Dvaci-confianza-200x127.jpg 200w, https:\/\/www.dvaci.com\/es\/wp-content\/uploads\/Dvaci-confianza-400x254.jpg 400w, https:\/\/www.dvaci.com\/es\/wp-content\/uploads\/Dvaci-confianza-600x380.jpg 600w, https:\/\/www.dvaci.com\/es\/wp-content\/uploads\/Dvaci-confianza.jpg 628w\" sizes=\"(max-width: 800px) 100vw, 400px\" \/><\/span><\/div><div class=\"fusion-clearfix\"><\/div><\/div><\/div><div class=\"fusion-layout-column fusion_builder_column fusion-builder-column-2 fusion_builder_column_1_4 1_4 fusion-one-fourth\" style=\"--awb-bg-size:cover;width:22%; margin-right: 4%;\"><div class=\"fusion-column-wrapper fusion-flex-column-wrapper-legacy\"><div class=\"fusion-title title fusion-title-2 fusion-title-text fusion-title-size-three\"><h3 class=\"fusion-title-heading title-heading-left\" style=\"margin:0;\">Agroalimentario<\/h3><span class=\"awb-title-spacer\"><\/span><div class=\"title-sep-container\"><div class=\"title-sep sep-single sep-solid\" style=\"border-color:#e0dede;\"><\/div><\/div><\/div><div class=\"fusion-image-element in-legacy-container\" style=\"--awb-caption-title-font-family:var(--h2_typography-font-family);--awb-caption-title-font-weight:var(--h2_typography-font-weight);--awb-caption-title-font-style:var(--h2_typography-font-style);--awb-caption-title-size:var(--h2_typography-font-size);--awb-caption-title-transform:var(--h2_typography-text-transform);--awb-caption-title-line-height:var(--h2_typography-line-height);--awb-caption-title-letter-spacing:var(--h2_typography-letter-spacing);\"><span class=\" fusion-imageframe imageframe-none imageframe-2 hover-type-none\"><img decoding=\"async\" width=\"346\" height=\"382\" alt=\"Clientes agroalimentario Dvaci\" title=\"Dvaci Clientes Agroalimenticia\" src=\"https:\/\/www.dvaci.com\/es\/wp-content\/uploads\/Dvaci-Clientes-Agroalimenticia.jpg\" class=\"img-responsive wp-image-344\" srcset=\"https:\/\/www.dvaci.com\/es\/wp-content\/uploads\/Dvaci-Clientes-Agroalimenticia-200x221.jpg 200w, https:\/\/www.dvaci.com\/es\/wp-content\/uploads\/Dvaci-Clientes-Agroalimenticia.jpg 346w\" sizes=\"(max-width: 800px) 100vw, 346px\" \/><\/span><\/div><div class=\"fusion-clearfix\"><\/div><\/div><\/div><div class=\"fusion-layout-column fusion_builder_column fusion-builder-column-3 fusion_builder_column_1_4 1_4 fusion-one-fourth\" style=\"--awb-bg-size:cover;width:22%; margin-right: 4%;\"><div class=\"fusion-column-wrapper fusion-flex-column-wrapper-legacy\"><div class=\"fusion-title title fusion-title-3 fusion-title-text fusion-title-size-three\"><h3 class=\"fusion-title-heading title-heading-left\" style=\"margin:0;\">Cosm\u00e9tico<\/h3><span class=\"awb-title-spacer\"><\/span><div class=\"title-sep-container\"><div class=\"title-sep sep-single sep-solid\" style=\"border-color:#e0dede;\"><\/div><\/div><\/div><div class=\"fusion-image-element in-legacy-container\" style=\"--awb-caption-title-font-family:var(--h2_typography-font-family);--awb-caption-title-font-weight:var(--h2_typography-font-weight);--awb-caption-title-font-style:var(--h2_typography-font-style);--awb-caption-title-size:var(--h2_typography-font-size);--awb-caption-title-transform:var(--h2_typography-text-transform);--awb-caption-title-line-height:var(--h2_typography-line-height);--awb-caption-title-letter-spacing:var(--h2_typography-letter-spacing);\"><span class=\" fusion-imageframe imageframe-none imageframe-3 hover-type-none\"><img decoding=\"async\" width=\"250\" height=\"272\" alt=\"Clientes Cosmeticos CDV\" title=\"Dvaci Clientes Cosmetico\" src=\"https:\/\/www.dvaci.com\/es\/wp-content\/uploads\/Dvaci-Clientes-Cosmetico.jpg\" class=\"img-responsive wp-image-345\" srcset=\"https:\/\/www.dvaci.com\/es\/wp-content\/uploads\/Dvaci-Clientes-Cosmetico-200x218.jpg 200w, https:\/\/www.dvaci.com\/es\/wp-content\/uploads\/Dvaci-Clientes-Cosmetico.jpg 250w\" sizes=\"(max-width: 800px) 100vw, 250px\" \/><\/span><\/div><div class=\"fusion-clearfix\"><\/div><\/div><\/div><div class=\"fusion-layout-column fusion_builder_column fusion-builder-column-4 fusion_builder_column_1_4 1_4 fusion-one-fourth fusion-column-last\" style=\"--awb-bg-size:cover;width:22%;\"><div class=\"fusion-column-wrapper fusion-flex-column-wrapper-legacy\"><div class=\"fusion-title title fusion-title-4 fusion-title-text fusion-title-size-three\"><h3 class=\"fusion-title-heading title-heading-left\" style=\"margin:0;\">Farmac\u00e9utico<\/h3><span class=\"awb-title-spacer\"><\/span><div class=\"title-sep-container\"><div class=\"title-sep sep-single sep-solid\" style=\"border-color:#e0dede;\"><\/div><\/div><\/div><div class=\"fusion-image-element in-legacy-container\" style=\"--awb-caption-title-font-family:var(--h2_typography-font-family);--awb-caption-title-font-weight:var(--h2_typography-font-weight);--awb-caption-title-font-style:var(--h2_typography-font-style);--awb-caption-title-size:var(--h2_typography-font-size);--awb-caption-title-transform:var(--h2_typography-text-transform);--awb-caption-title-line-height:var(--h2_typography-line-height);--awb-caption-title-letter-spacing:var(--h2_typography-letter-spacing);\"><span class=\" fusion-imageframe imageframe-none imageframe-4 hover-type-none\"><img decoding=\"async\" width=\"324\" height=\"330\" alt=\"clientes farma CDV DVACI\" title=\"Dvaci Clientes farma\" src=\"https:\/\/www.dvaci.com\/es\/wp-content\/uploads\/Dvaci-Clientes-farma.jpg\" class=\"img-responsive wp-image-347\" srcset=\"https:\/\/www.dvaci.com\/es\/wp-content\/uploads\/Dvaci-Clientes-farma-200x204.jpg 200w, https:\/\/www.dvaci.com\/es\/wp-content\/uploads\/Dvaci-Clientes-farma.jpg 324w\" sizes=\"(max-width: 800px) 100vw, 324px\" \/><\/span><\/div><div class=\"fusion-clearfix\"><\/div><\/div><\/div><div class=\"fusion-layout-column fusion_builder_column fusion-builder-column-5 fusion_builder_column_1_3 1_3 fusion-one-third fusion-column-first\" style=\"--awb-bg-size:cover;width:33.333333333333%;width:calc(33.333333333333% - ( ( 4% + 4% ) * 0.33333333333333 ) );margin-right: 4%;\"><div class=\"fusion-column-wrapper fusion-flex-column-wrapper-legacy\"><div class=\"fusion-title title fusion-title-5 fusion-title-text fusion-title-size-three\"><h3 class=\"fusion-title-heading title-heading-left\" style=\"margin:0;\">Empaque<\/h3><span class=\"awb-title-spacer\"><\/span><div class=\"title-sep-container\"><div class=\"title-sep sep-single sep-solid\" style=\"border-color:#e0dede;\"><\/div><\/div><\/div><div class=\"fusion-image-element in-legacy-container\" style=\"--awb-caption-title-font-family:var(--h2_typography-font-family);--awb-caption-title-font-weight:var(--h2_typography-font-weight);--awb-caption-title-font-style:var(--h2_typography-font-style);--awb-caption-title-size:var(--h2_typography-font-size);--awb-caption-title-transform:var(--h2_typography-text-transform);--awb-caption-title-line-height:var(--h2_typography-line-height);--awb-caption-title-letter-spacing:var(--h2_typography-letter-spacing);\"><span class=\" fusion-imageframe imageframe-none imageframe-5 hover-type-none\"><img decoding=\"async\" width=\"348\" height=\"401\" alt=\"clientes empaques y envases CDV DVACI\" title=\"Dvaci Clientes Fabricantes Empaques\" src=\"https:\/\/www.dvaci.com\/es\/wp-content\/uploads\/Dvaci-Clientes-Fabricantes-Empaques.jpg\" class=\"img-responsive wp-image-346\" srcset=\"https:\/\/www.dvaci.com\/es\/wp-content\/uploads\/Dvaci-Clientes-Fabricantes-Empaques-200x230.jpg 200w, https:\/\/www.dvaci.com\/es\/wp-content\/uploads\/Dvaci-Clientes-Fabricantes-Empaques.jpg 348w\" sizes=\"(max-width: 800px) 100vw, 348px\" \/><\/span><\/div><div class=\"fusion-clearfix\"><\/div><\/div><\/div><div class=\"fusion-layout-column fusion_builder_column fusion-builder-column-6 fusion_builder_column_1_3 1_3 fusion-one-third\" style=\"--awb-bg-size:cover;width:33.333333333333%;width:calc(33.333333333333% - ( ( 4% + 4% ) * 0.33333333333333 ) );margin-right: 4%;\"><div class=\"fusion-column-wrapper fusion-flex-column-wrapper-legacy\"><div class=\"fusion-title title fusion-title-6 fusion-title-text fusion-title-size-three\"><h3 class=\"fusion-title-heading title-heading-left\" style=\"margin:0;\">Otros sectores<\/h3><span class=\"awb-title-spacer\"><\/span><div class=\"title-sep-container\"><div class=\"title-sep sep-single sep-solid\" style=\"border-color:#e0dede;\"><\/div><\/div><\/div><div class=\"fusion-image-element in-legacy-container\" style=\"--awb-caption-title-font-family:var(--h2_typography-font-family);--awb-caption-title-font-weight:var(--h2_typography-font-weight);--awb-caption-title-font-style:var(--h2_typography-font-style);--awb-caption-title-size:var(--h2_typography-font-size);--awb-caption-title-transform:var(--h2_typography-text-transform);--awb-caption-title-line-height:var(--h2_typography-line-height);--awb-caption-title-letter-spacing:var(--h2_typography-letter-spacing);\"><span class=\" fusion-imageframe imageframe-none imageframe-6 hover-type-none\"><img decoding=\"async\" width=\"299\" height=\"305\" alt=\"clientes otros sectores CDV DVACI\" title=\"Dvaci Clientes otros\" src=\"https:\/\/www.dvaci.com\/es\/wp-content\/uploads\/Dvaci-Clientes-otros.jpg\" class=\"img-responsive wp-image-348\" srcset=\"https:\/\/www.dvaci.com\/es\/wp-content\/uploads\/Dvaci-Clientes-otros-200x204.jpg 200w, https:\/\/www.dvaci.com\/es\/wp-content\/uploads\/Dvaci-Clientes-otros.jpg 299w\" sizes=\"(max-width: 800px) 100vw, 299px\" \/><\/span><\/div><div class=\"fusion-clearfix\"><\/div><\/div><\/div><div class=\"fusion-layout-column fusion_builder_column fusion-builder-column-7 fusion_builder_column_1_3 1_3 fusion-one-third fusion-column-last\" style=\"--awb-bg-size:cover;width:33.333333333333%;width:calc(33.333333333333% - ( ( 4% + 4% ) * 0.33333333333333 ) );\"><div class=\"fusion-column-wrapper fusion-flex-column-wrapper-legacy\"><div class=\"fusion-title title fusion-title-7 fusion-sep-none fusion-title-center fusion-title-text fusion-title-size-two\" style=\"--awb-text-color:#001bed;--awb-margin-top:10%;--awb-font-size:30px;\"><h2 class=\"fusion-title-heading title-heading-center\" style=\"margin:0;font-size:1em;letter-spacing:5px;\">PRUEBA GRATUITA<\/h2><\/div><div class=\"fusion-text fusion-text-2\"><p>Env\u00edenos sus muestras, le enviaremos de vuelta gratuitamente un video con las pruebas realizadas y recomendaciones sobre los par\u00e1metros de prueba.<\/p>\n<\/div><div class=\"fusion-aligncenter\"><a class=\"fusion-button button-flat fusion-button-default-size button-default fusion-button-default button-1 fusion-button-default-span fusion-button-default-type\" target=\"_self\" href=\"https:\/\/www.dvaci.com\/es\/contacto\/\"><span class=\"fusion-button-text\">Cont\u00e1ctenos<\/span><\/a><\/div><div class=\"fusion-clearfix\"><\/div><\/div><\/div><\/div><\/div>\n","protected":false},"excerpt":{"rendered":"","protected":false},"author":1,"featured_media":349,"parent":0,"menu_order":0,"comment_status":"closed","ping_status":"closed","template":"","meta":{"inline_featured_image":false,"footnotes":"","_wp_rev_ctl_limit":""},"class_list":["post-351","page","type-page","status-publish","has-post-thumbnail","hentry"],"aioseo_notices":[],"_links":{"self":[{"href":"https:\/\/www.dvaci.com\/es\/wp-json\/wp\/v2\/pages\/351","targetHints":{"allow":["GET"]}}],"collection":[{"href":"https:\/\/www.dvaci.com\/es\/wp-json\/wp\/v2\/pages"}],"about":[{"href":"https:\/\/www.dvaci.com\/es\/wp-json\/wp\/v2\/types\/page"}],"author":[{"embeddable":true,"href":"https:\/\/www.dvaci.com\/es\/wp-json\/wp\/v2\/users\/1"}],"replies":[{"embeddable":true,"href":"https:\/\/www.dvaci.com\/es\/wp-json\/wp\/v2\/comments?post=351"}],"version-history":[{"count":5,"href":"https:\/\/www.dvaci.com\/es\/wp-json\/wp\/v2\/pages\/351\/revisions"}],"predecessor-version":[{"id":1399,"href":"https:\/\/www.dvaci.com\/es\/wp-json\/wp\/v2\/pages\/351\/revisions\/1399"}],"wp:featuredmedia":[{"embeddable":true,"href":"https:\/\/www.dvaci.com\/es\/wp-json\/wp\/v2\/media\/349"}],"wp:attachment":[{"href":"https:\/\/www.dvaci.com\/es\/wp-json\/wp\/v2\/media?parent=351"}],"curies":[{"name":"wp","href":"https:\/\/api.w.org\/{rel}","templated":true}]}}